{"id":353,"date":"2023-03-27T13:36:58","date_gmt":"2023-03-27T13:36:58","guid":{"rendered":"https:\/\/kjcaircontractor.com\/?page_id=353"},"modified":"2023-03-27T13:42:44","modified_gmt":"2023-03-27T13:42:44","slug":"gracias","status":"publish","type":"page","link":"https:\/\/kjcaircontractor.com\/en\/gracias\/","title":{"rendered":"Gracias"},"content":{"rendered":"<div data-elementor-type=\"wp-page\" data-elementor-id=\"353\" class=\"elementor elementor-353\" data-elementor-settings=\"{&quot;ha_cmc_init_switcher&quot;:&quot;no&quot;}\">\n\t\t\t\t\t\t<section class=\"elementor-section elementor-top-section elementor-element elementor-element-fc9f5e6 elementor-section-boxed elementor-section-height-default elementor-section-height-default\" data-id=\"fc9f5e6\" data-element_type=\"section\" data-e-type=\"section\" data-settings=\"{&quot;jet_parallax_layout_list&quot;:[],&quot;_ha_eqh_enable&quot;:false}\">\n\t\t\t\t\t\t<div class=\"elementor-container elementor-column-gap-wider\">\n\t\t\t\t\t<div class=\"elementor-column elementor-col-50 elementor-top-column elementor-element elementor-element-8a8c2c9\" data-id=\"8a8c2c9\" data-element_type=\"column\" data-e-type=\"column\">\n\t\t\t<div class=\"elementor-widget-wrap elementor-element-populated\">\n\t\t\t\t\t\t<div class=\"elementor-element elementor-element-1830a36 elementor-widget elementor-widget-image\" data-id=\"1830a36\" data-element_type=\"widget\" data-e-type=\"widget\" data-widget_type=\"image.default\">\n\t\t\t\t<div class=\"elementor-widget-container\">\n\t\t\t\t\t\t\t\t\t\t\t\t\t\t\t<img fetchpriority=\"high\" decoding=\"async\" width=\"640\" height=\"640\" src=\"https:\/\/kjcaircontractor.com\/wp-content\/uploads\/2023\/03\/mensaje3.gif\" class=\"attachment-large size-large wp-image-363\" alt=\"\" \/>\t\t\t\t\t\t\t\t\t\t\t\t\t\t\t<\/div>\n\t\t\t\t<\/div>\n\t\t\t\t\t<\/div>\n\t\t<\/div>\n\t\t\t\t<div class=\"elementor-column elementor-col-50 elementor-top-column elementor-element elementor-element-35676a0\" data-id=\"35676a0\" data-element_type=\"column\" data-e-type=\"column\">\n\t\t\t<div class=\"elementor-widget-wrap elementor-element-populated\">\n\t\t\t\t\t\t<div class=\"elementor-element elementor-element-28c63e4 elementor-widget elementor-widget-heading\" data-id=\"28c63e4\" data-element_type=\"widget\" data-e-type=\"widget\" data-widget_type=\"heading.default\">\n\t\t\t\t<div class=\"elementor-widget-container\">\n\t\t\t\t\t<h2 class=\"elementor-heading-title elementor-size-default\">Gracias por contactarnos<\/h2>\t\t\t\t<\/div>\n\t\t\t\t<\/div>\n\t\t\t\t<div class=\"elementor-element elementor-element-2e7fbe2 elementor-widget elementor-widget-heading\" data-id=\"2e7fbe2\" data-element_type=\"widget\" data-e-type=\"widget\" data-widget_type=\"heading.default\">\n\t\t\t\t<div class=\"elementor-widget-container\">\n\t\t\t\t\t<h2 class=\"elementor-heading-title elementor-size-default\">Responderemos con la mayor brevedad posible <\/h2>\t\t\t\t<\/div>\n\t\t\t\t<\/div>\n\t\t\t\t\t<\/div>\n\t\t<\/div>\n\t\t\t\t\t<\/div>\n\t\t<\/section>\n\t\t\t\t<\/div>","protected":false},"excerpt":{"rendered":"<p>Gracias por contactarnos Responderemos con la mayor brevedad posible<\/p>","protected":false},"author":1,"featured_media":0,"parent":0,"menu_order":0,"comment_status":"closed","ping_status":"closed","template":"elementor_header_footer","meta":{"_joinchat":[],"footnotes":""},"class_list":["post-353","page","type-page","status-publish","hentry"],"yoast_head":"<!-- This site is optimized with the Yoast SEO plugin v27.2 - https:\/\/yoast.com\/product\/yoast-seo-wordpress\/ -->\n<title>Unidades de refrigeraci\u00f3n | KJC Air Contractor | Puerto Rico<\/title>\n<meta name=\"description\" content=\"KJC Air Contractor se especializa en instalaci\u00f3n, reparaci\u00f3n y mantenimiento de unidades de refrigeraci\u00f3n, aire acondicionado, sistemas HVAC\" \/>\n<meta name=\"robots\" content=\"index, follow, max-snippet:-1, max-image-preview:large, max-video-preview:-1\" \/>\n<link rel=\"canonical\" href=\"https:\/\/kjcaircontractor.com\/en\/gracias\/\" \/>\n<meta property=\"og:locale\" content=\"en_US\" \/>\n<meta property=\"og:type\" content=\"article\" \/>\n<meta property=\"og:title\" content=\"Unidades de refrigeraci\u00f3n | KJC Air Contractor | Puerto Rico\" \/>\n<meta property=\"og:description\" content=\"KJC Air Contractor se especializa en instalaci\u00f3n, reparaci\u00f3n y mantenimiento de unidades de refrigeraci\u00f3n, aire acondicionado, sistemas HVAC\" \/>\n<meta property=\"og:url\" content=\"https:\/\/kjcaircontractor.com\/en\/gracias\/\" \/>\n<meta property=\"og:site_name\" content=\"KJC Air Contractor\" \/>\n<meta property=\"article:modified_time\" content=\"2023-03-27T13:42:44+00:00\" \/>\n<meta property=\"og:image\" content=\"https:\/\/kjcaircontractor.com\/wp-content\/uploads\/2023\/03\/mensaje3.gif\" \/>\n<meta name=\"twitter:card\" content=\"summary_large_image\" \/>\n<meta name=\"twitter:label1\" content=\"Est. reading time\" \/>\n\t<meta name=\"twitter:data1\" content=\"1 minute\" \/>\n<script type=\"application\/ld+json\" class=\"yoast-schema-graph\">{\"@context\":\"https:\/\/schema.org\",\"@graph\":[{\"@type\":\"WebPage\",\"@id\":\"https:\/\/kjcaircontractor.com\/gracias\/\",\"url\":\"https:\/\/kjcaircontractor.com\/gracias\/\",\"name\":\"Unidades de refrigeraci\u00f3n | KJC Air Contractor | Puerto Rico\",\"isPartOf\":{\"@id\":\"https:\/\/kjcaircontractor.com\/en\/#website\"},\"primaryImageOfPage\":{\"@id\":\"https:\/\/kjcaircontractor.com\/gracias\/#primaryimage\"},\"image\":{\"@id\":\"https:\/\/kjcaircontractor.com\/gracias\/#primaryimage\"},\"thumbnailUrl\":\"https:\/\/kjcaircontractor.com\/wp-content\/uploads\/2023\/03\/mensaje3.gif\",\"datePublished\":\"2023-03-27T13:36:58+00:00\",\"dateModified\":\"2023-03-27T13:42:44+00:00\",\"description\":\"KJC Air Contractor se especializa en instalaci\u00f3n, reparaci\u00f3n y mantenimiento de unidades de refrigeraci\u00f3n, aire acondicionado, sistemas HVAC\",\"breadcrumb\":{\"@id\":\"https:\/\/kjcaircontractor.com\/gracias\/#breadcrumb\"},\"inLanguage\":\"en-US\",\"potentialAction\":[{\"@type\":\"ReadAction\",\"target\":[\"https:\/\/kjcaircontractor.com\/gracias\/\"]}]},{\"@type\":\"ImageObject\",\"inLanguage\":\"en-US\",\"@id\":\"https:\/\/kjcaircontractor.com\/gracias\/#primaryimage\",\"url\":\"https:\/\/kjcaircontractor.com\/wp-content\/uploads\/2023\/03\/mensaje3.gif\",\"contentUrl\":\"https:\/\/kjcaircontractor.com\/wp-content\/uploads\/2023\/03\/mensaje3.gif\"},{\"@type\":\"BreadcrumbList\",\"@id\":\"https:\/\/kjcaircontractor.com\/gracias\/#breadcrumb\",\"itemListElement\":[{\"@type\":\"ListItem\",\"position\":1,\"name\":\"Home\",\"item\":\"https:\/\/kjcaircontractor.com\/en\/\"},{\"@type\":\"ListItem\",\"position\":2,\"name\":\"Gracias\"}]},{\"@type\":\"WebSite\",\"@id\":\"https:\/\/kjcaircontractor.com\/en\/#website\",\"url\":\"https:\/\/kjcaircontractor.com\/en\/\",\"name\":\"KJC Air Contractor\",\"description\":\"Unidades de Refrigeraci\u00f3n\",\"potentialAction\":[{\"@type\":\"SearchAction\",\"target\":{\"@type\":\"EntryPoint\",\"urlTemplate\":\"https:\/\/kjcaircontractor.com\/en\/?s={search_term_string}\"},\"query-input\":{\"@type\":\"PropertyValueSpecification\",\"valueRequired\":true,\"valueName\":\"search_term_string\"}}],\"inLanguage\":\"en-US\"}]}<\/script>\n<!-- \/ Yoast SEO plugin. -->","yoast_head_json":{"title":"Unidades de refrigeraci\u00f3n | KJC Air Contractor | Puerto Rico","description":"KJC Air Contractor se especializa en instalaci\u00f3n, reparaci\u00f3n y mantenimiento de unidades de refrigeraci\u00f3n, aire acondicionado, sistemas HVAC","robots":{"index":"index","follow":"follow","max-snippet":"max-snippet:-1","max-image-preview":"max-image-preview:large","max-video-preview":"max-video-preview:-1"},"canonical":"https:\/\/kjcaircontractor.com\/en\/gracias\/","og_locale":"en_US","og_type":"article","og_title":"Unidades de refrigeraci\u00f3n | KJC Air Contractor | Puerto Rico","og_description":"KJC Air Contractor se especializa en instalaci\u00f3n, reparaci\u00f3n y mantenimiento de unidades de refrigeraci\u00f3n, aire acondicionado, sistemas HVAC","og_url":"https:\/\/kjcaircontractor.com\/en\/gracias\/","og_site_name":"KJC Air Contractor","article_modified_time":"2023-03-27T13:42:44+00:00","og_image":[{"url":"https:\/\/kjcaircontractor.com\/wp-content\/uploads\/2023\/03\/mensaje3.gif","type":"","width":"","height":""}],"twitter_card":"summary_large_image","twitter_misc":{"Est. reading time":"1 minute"},"schema":{"@context":"https:\/\/schema.org","@graph":[{"@type":"WebPage","@id":"https:\/\/kjcaircontractor.com\/gracias\/","url":"https:\/\/kjcaircontractor.com\/gracias\/","name":"Unidades de refrigeraci\u00f3n | KJC Air Contractor | Puerto Rico","isPartOf":{"@id":"https:\/\/kjcaircontractor.com\/en\/#website"},"primaryImageOfPage":{"@id":"https:\/\/kjcaircontractor.com\/gracias\/#primaryimage"},"image":{"@id":"https:\/\/kjcaircontractor.com\/gracias\/#primaryimage"},"thumbnailUrl":"https:\/\/kjcaircontractor.com\/wp-content\/uploads\/2023\/03\/mensaje3.gif","datePublished":"2023-03-27T13:36:58+00:00","dateModified":"2023-03-27T13:42:44+00:00","description":"KJC Air Contractor se especializa en instalaci\u00f3n, reparaci\u00f3n y mantenimiento de unidades de refrigeraci\u00f3n, aire acondicionado, sistemas HVAC","breadcrumb":{"@id":"https:\/\/kjcaircontractor.com\/gracias\/#breadcrumb"},"inLanguage":"en-US","potentialAction":[{"@type":"ReadAction","target":["https:\/\/kjcaircontractor.com\/gracias\/"]}]},{"@type":"ImageObject","inLanguage":"en-US","@id":"https:\/\/kjcaircontractor.com\/gracias\/#primaryimage","url":"https:\/\/kjcaircontractor.com\/wp-content\/uploads\/2023\/03\/mensaje3.gif","contentUrl":"https:\/\/kjcaircontractor.com\/wp-content\/uploads\/2023\/03\/mensaje3.gif"},{"@type":"BreadcrumbList","@id":"https:\/\/kjcaircontractor.com\/gracias\/#breadcrumb","itemListElement":[{"@type":"ListItem","position":1,"name":"Home","item":"https:\/\/kjcaircontractor.com\/en\/"},{"@type":"ListItem","position":2,"name":"Gracias"}]},{"@type":"WebSite","@id":"https:\/\/kjcaircontractor.com\/en\/#website","url":"https:\/\/kjcaircontractor.com\/en\/","name":"KJC Air Contractor","description":"Refrigeration Units","potentialAction":[{"@type":"SearchAction","target":{"@type":"EntryPoint","urlTemplate":"https:\/\/kjcaircontractor.com\/en\/?s={search_term_string}"},"query-input":{"@type":"PropertyValueSpecification","valueRequired":true,"valueName":"search_term_string"}}],"inLanguage":"en-US"}]}},"_links":{"self":[{"href":"https:\/\/kjcaircontractor.com\/en\/wp-json\/wp\/v2\/pages\/353","targetHints":{"allow":["GET"]}}],"collection":[{"href":"https:\/\/kjcaircontractor.com\/en\/wp-json\/wp\/v2\/pages"}],"about":[{"href":"https:\/\/kjcaircontractor.com\/en\/wp-json\/wp\/v2\/types\/page"}],"author":[{"embeddable":true,"href":"https:\/\/kjcaircontractor.com\/en\/wp-json\/wp\/v2\/users\/1"}],"replies":[{"embeddable":true,"href":"https:\/\/kjcaircontractor.com\/en\/wp-json\/wp\/v2\/comments?post=353"}],"version-history":[{"count":5,"href":"https:\/\/kjcaircontractor.com\/en\/wp-json\/wp\/v2\/pages\/353\/revisions"}],"predecessor-version":[{"id":369,"href":"https:\/\/kjcaircontractor.com\/en\/wp-json\/wp\/v2\/pages\/353\/revisions\/369"}],"wp:attachment":[{"href":"https:\/\/kjcaircontractor.com\/en\/wp-json\/wp\/v2\/media?parent=353"}],"curies":[{"name":"wp","href":"https:\/\/api.w.org\/{rel}","templated":true}]}}